{"id":2330,"date":"2026-04-24T19:19:57","date_gmt":"2026-04-24T19:19:57","guid":{"rendered":"https:\/\/neu.pillnitzer-reiterhof.de\/?page_id=2330"},"modified":"2026-04-24T19:47:21","modified_gmt":"2026-04-24T19:47:21","slug":"galerie-2","status":"publish","type":"page","link":"https:\/\/neu.pillnitzer-reiterhof.de\/?page_id=2330","title":{"rendered":"Galerie"},"content":{"rendered":"\n<h2 class=\"wp-block-heading\"><em>Bilder vom Pillnitzer Reiterhof<\/em><\/h2>\n\n\n\n<p><\/p>\n\n\n\n<h2 class=\"wp-block-heading\">Lehrg\u00e4nge<\/h2>\n\n\n\nngg_shortcode_0_placeholder\n\n\n\n<h2 class=\"wp-block-heading\">Turniere<\/h2>\n\n\n\nngg_shortcode_1_placeholder\n\n\n\n<h2 class=\"wp-block-heading\">Arbeitseins\u00e4tze<\/h2>\n\n\n\nngg_shortcode_2_placeholder\n\n\n\n<h2 class=\"wp-block-heading\">Tag der offenen T\u00fcr<\/h2>\n\n\n\nngg_shortcode_3_placeholder\n\n\n\n<h2 class=\"wp-block-heading\">Sommerfest<\/h2>\n\n\n\nngg_shortcode_4_placeholder\n\n\n\n<h2 class=\"wp-block-heading\">Ausritte und Herbstjagd<\/h2>\n\n\n\nngg_shortcode_5_placeholder\n\n\n\n<h2 class=\"wp-block-heading\">Kinder- und Ferienreiten<\/h2>\n\n\n\nngg_shortcode_6_placeholder\n\n\n\n<h2 class=\"wp-block-heading\">Sonstiges<\/h2>\n\n\n\nngg_shortcode_7_placeholder\n","protected":false},"excerpt":{"rendered":"<p>Bilder vom Pillnitzer Reiterhof Lehrg\u00e4nge Turniere Arbeitseins\u00e4tze Tag der offenen T\u00fcr Sommerfest Ausritte und Herbstjagd Kinder- und Ferienreiten Sonstiges<\/p>\n","protected":false},"author":1,"featured_media":0,"parent":0,"menu_order":0,"comment_status":"closed","ping_status":"closed","template":"","meta":{"ngg_post_thumbnail":0,"footnotes":""},"class_list":["post-2330","page","type-page","status-publish","hentry"],"_links":{"self":[{"href":"https:\/\/neu.pillnitzer-reiterhof.de\/index.php?rest_route=\/wp\/v2\/pages\/2330","targetHints":{"allow":["GET"]}}],"collection":[{"href":"https:\/\/neu.pillnitzer-reiterhof.de\/index.php?rest_route=\/wp\/v2\/pages"}],"about":[{"href":"https:\/\/neu.pillnitzer-reiterhof.de\/index.php?rest_route=\/wp\/v2\/types\/page"}],"author":[{"embeddable":true,"href":"https:\/\/neu.pillnitzer-reiterhof.de\/index.php?rest_route=\/wp\/v2\/users\/1"}],"replies":[{"embeddable":true,"href":"https:\/\/neu.pillnitzer-reiterhof.de\/index.php?rest_route=%2Fwp%2Fv2%2Fcomments&post=2330"}],"version-history":[{"count":5,"href":"https:\/\/neu.pillnitzer-reiterhof.de\/index.php?rest_route=\/wp\/v2\/pages\/2330\/revisions"}],"predecessor-version":[{"id":2344,"href":"https:\/\/neu.pillnitzer-reiterhof.de\/index.php?rest_route=\/wp\/v2\/pages\/2330\/revisions\/2344"}],"wp:attachment":[{"href":"https:\/\/neu.pillnitzer-reiterhof.de\/index.php?rest_route=%2Fwp%2Fv2%2Fmedia&parent=2330"}],"curies":[{"name":"wp","href":"https:\/\/api.w.org\/{rel}","templated":true}]}}