{"id":24,"date":"2021-04-03T15:36:36","date_gmt":"2021-04-03T15:36:36","guid":{"rendered":"https:\/\/neu.pillnitzer-reiterhof.de\/?page_id=24"},"modified":"2026-03-23T14:10:30","modified_gmt":"2026-03-23T14:10:30","slug":"willkommen","status":"publish","type":"page","link":"https:\/\/neu.pillnitzer-reiterhof.de\/","title":{"rendered":"Willkommen auf dem Pillnitzer Reiterhof"},"content":{"rendered":"\n<div class=\"wp-block-group\"><div class=\"wp-block-group__inner-container is-layout-flow wp-block-group-is-layout-flow\">\n<p><\/p>\n<\/div><\/div>\n\n\n\n<p>Der Pillnitzer Reiterhof \u201eAlte Sch\u00e4ferei\u201c liegt nahe dem Schloss Pillnitz und befindet sich im denkmalgesch\u00fctzten Stallgeb\u00e4ude des alten Kammergutes. Das Reitwegenetz im Graupaer Wald und die N\u00e4he zum Sch\u00f6nefelder Hochland erm\u00f6glichen das Reiten in der Natur zum Ausgleich zur Reitausbildung auf vereinseigenen Pferden und Privatpferden. \u00ad<\/p>\n\n\n\n<figure class=\"wp-block-image size-large\"><img loading=\"lazy\" decoding=\"async\" width=\"1024\" height=\"578\" src=\"https:\/\/neu.pillnitzer-reiterhof.de\/wp-content\/uploads\/2021\/04\/Herbst-1024x578.jpg\" alt=\"\" class=\"wp-image-30\" srcset=\"https:\/\/neu.pillnitzer-reiterhof.de\/wp-content\/uploads\/2021\/04\/Herbst-1024x578.jpg 1024w, https:\/\/neu.pillnitzer-reiterhof.de\/wp-content\/uploads\/2021\/04\/Herbst-300x169.jpg 300w, https:\/\/neu.pillnitzer-reiterhof.de\/wp-content\/uploads\/2021\/04\/Herbst-768x433.jpg 768w, https:\/\/neu.pillnitzer-reiterhof.de\/wp-content\/uploads\/2021\/04\/Herbst-1536x866.jpg 1536w, https:\/\/neu.pillnitzer-reiterhof.de\/wp-content\/uploads\/2021\/04\/Herbst.jpg 1622w\" sizes=\"auto, (max-width: 1024px) 100vw, 1024px\" \/><\/figure>\n\n\n\n<p><br><strong>Wir bieten:<\/strong><br>Grundlagenvermittlung der Reitlehre<br>Dressurreiten und Springausbildung<br>Freizeit &#8211; Reiten und Turniersport<br><a href=\"https:\/\/neu.pillnitzer-reiterhof.de\/?page_id=65\">Privatpferdehaltung<\/a><br><a href=\"https:\/\/neu.pillnitzer-reiterhof.de\/?page_id=54\">Ferienreiten<\/a><\/p>\n\n\n\n<div class=\"wp-block-group\"><div class=\"wp-block-group__inner-container is-layout-flow wp-block-group-is-layout-flow\">\n<div class=\"wp-block-columns is-layout-flex wp-container-core-columns-is-layout-9d6595d7 wp-block-columns-is-layout-flex\">\n<div class=\"wp-block-column is-vertically-aligned-center is-layout-flow wp-block-column-is-layout-flow\" style=\"flex-basis:100%\"><\/div>\n<\/div>\n<\/div><\/div>\n\n\n\n<div class=\"wp-block-group\"><div class=\"wp-block-group__inner-container is-layout-flow wp-block-group-is-layout-flow\">\n<div class=\"wp-block-columns is-layout-flex wp-container-core-columns-is-layout-9d6595d7 wp-block-columns-is-layout-flex\">\n<div class=\"wp-block-column is-vertically-aligned-center is-layout-flow wp-block-column-is-layout-flow\" style=\"flex-basis:100%\">\n<div class=\"wp-block-group\"><div class=\"wp-block-group__inner-container is-layout-flow wp-block-group-is-layout-flow\"><div class=\"wp-block-image wp-block-image alignright size-large is-resized\">\n<figure ><img loading=\"lazy\" decoding=\"async\" width=\"710\" height=\"514\" src=\"https:\/\/neu.pillnitzer-reiterhof.de\/wp-content\/uploads\/2021\/04\/BFD-Einsatzst-RGB.jpg\" alt=\"\" class=\"wp-image-27\" srcset=\"https:\/\/neu.pillnitzer-reiterhof.de\/wp-content\/uploads\/2021\/04\/BFD-Einsatzst-RGB.jpg 710w, https:\/\/neu.pillnitzer-reiterhof.de\/wp-content\/uploads\/2021\/04\/BFD-Einsatzst-RGB-300x217.jpg 300w\" sizes=\"auto, (max-width: 710px) 100vw, 710px\" \/><\/figure>\n<\/div>\n\n\n<p><\/p>\n<\/div><\/div>\n<\/div>\n<\/div>\n<\/div><\/div>\n\n\n\n<p><\/p>\n","protected":false},"excerpt":{"rendered":"<p>Der Pillnitzer Reiterhof \u201eAlte Sch\u00e4ferei\u201c liegt nahe dem Schloss Pillnitz und befindet sich im denkmalgesch\u00fctzten Stallgeb\u00e4ude des alten Kammergutes. Das Reitwegenetz im Graupaer Wald und die N\u00e4he zum Sch\u00f6nefelder Hochland erm\u00f6glichen das Reiten in der Natur zum Ausgleich zur Reitausbildung<\/p>\n","protected":false},"author":1,"featured_media":0,"parent":0,"menu_order":0,"comment_status":"closed","ping_status":"closed","template":"","meta":{"ngg_post_thumbnail":0,"footnotes":""},"class_list":["post-24","page","type-page","status-publish","hentry"],"_links":{"self":[{"href":"https:\/\/neu.pillnitzer-reiterhof.de\/index.php?rest_route=\/wp\/v2\/pages\/24","targetHints":{"allow":["GET"]}}],"collection":[{"href":"https:\/\/neu.pillnitzer-reiterhof.de\/index.php?rest_route=\/wp\/v2\/pages"}],"about":[{"href":"https:\/\/neu.pillnitzer-reiterhof.de\/index.php?rest_route=\/wp\/v2\/types\/page"}],"author":[{"embeddable":true,"href":"https:\/\/neu.pillnitzer-reiterhof.de\/index.php?rest_route=\/wp\/v2\/users\/1"}],"replies":[{"embeddable":true,"href":"https:\/\/neu.pillnitzer-reiterhof.de\/index.php?rest_route=%2Fwp%2Fv2%2Fcomments&post=24"}],"version-history":[{"count":15,"href":"https:\/\/neu.pillnitzer-reiterhof.de\/index.php?rest_route=\/wp\/v2\/pages\/24\/revisions"}],"predecessor-version":[{"id":2046,"href":"https:\/\/neu.pillnitzer-reiterhof.de\/index.php?rest_route=\/wp\/v2\/pages\/24\/revisions\/2046"}],"wp:attachment":[{"href":"https:\/\/neu.pillnitzer-reiterhof.de\/index.php?rest_route=%2Fwp%2Fv2%2Fmedia&parent=24"}],"curies":[{"name":"wp","href":"https:\/\/api.w.org\/{rel}","templated":true}]}}