{"id":54,"date":"2021-04-13T14:01:33","date_gmt":"2021-04-13T14:01:33","guid":{"rendered":"https:\/\/neu.pillnitzer-reiterhof.de\/?page_id=54"},"modified":"2026-05-12T02:51:28","modified_gmt":"2026-05-12T02:51:28","slug":"reitbetrieb-2","status":"publish","type":"page","link":"https:\/\/neu.pillnitzer-reiterhof.de\/?page_id=54","title":{"rendered":"Reitbetrieb"},"content":{"rendered":"\n<h1 class=\"wp-block-heading\" id=\"angebote-des-pillnitzer-reitvereins\">Angebote des Pillnitzer Reitvereins<\/h1>\n\n\n\n<p><\/p>\n\n\n\n<p>Wir bieten neben der &nbsp;<a href=\"https:\/\/neu.pillnitzer-reiterhof.de\/?page_id=65\"><strong><mark style=\"background-color:rgba(0, 0, 0, 0)\" class=\"has-inline-color has-vivid-red-color\">Privatpferdehaltung<\/mark><\/strong><\/a>&nbsp;auch folgende Angebote an:<\/p>\n\n\n\n<ul class=\"wp-block-list\">\n<li><strong><a href=\"https:\/\/neu.pillnitzer-reiterhof.de\/?page_id=67\" data-type=\"URL\" data-id=\"https:\/\/neu.pillnitzer-reiterhof.de\/?page_id=67\"><mark style=\"background-color:rgba(0, 0, 0, 0)\" class=\"has-inline-color has-vivid-red-color\">Mitgliedschaft<\/mark><\/a> <\/strong><\/li>\n\n\n\n<li>Kinderreiten am Wochenende<\/li>\n\n\n\n<li>Ferienreiten\u00ad<\/li>\n\n\n\n<li>Kinderreiten zu Veranstaltungen<\/li>\n<\/ul>\n\n\n\n<p><\/p>\n\n\n\n<p><\/p>\n\n\n\n<h2 class=\"wp-block-heading\">Mitgliedschaft<\/h2>\n\n\n\n<p>Als Mitglied in unserem Reitverein kannst du als Erwachsener und als Kind ab 12 Jahren regelm\u00e4\u00dfig reiten. <\/p>\n\n\n\n<p>Unter <a href=\"https:\/\/neu.pillnitzer-reiterhof.de\/?page_id=67\" data-type=\"URL\" data-id=\"https:\/\/neu.pillnitzer-reiterhof.de\/?page_id=67\"><mark style=\"background-color:rgba(0, 0, 0, 0)\" class=\"has-inline-color has-vivid-red-color\"><strong>Mitgliedschaft<\/strong><\/mark> <\/a>erf\u00e4hrst du dazu mehr. <\/p>\n\n\n\n<p><\/p>\n\n\n\n<p><\/p>\n\n\n\n<h2 class=\"wp-block-heading\">Kinderreiten am Wochenende<strong> <\/strong><\/h2>\n\n\n\n<p>An festen Terminen bieten wir individuell buchbare Schnupperstunden f\u00fcr Kinder ab 6 Jahren an. Spiel und Spa\u00df stehen dabei im Vordergrund. Absolut f\u00fcr Anf\u00e4nger geeignet.<\/p>\n\n\n\n<blockquote class=\"wp-block-quote is-layout-flow wp-block-quote-is-layout-flow\">\n<p><\/p>\n<\/blockquote>\n\n\n\n<p><\/p>\n\n\n\n<p><strong>Kleidung<\/strong><br>Zum Reiten werden eine lange, bequeme Hose, festes Schuhwerk und witterungsgerechte Kleidung ben\u00f6tigt, das Reiten findet unter freiem Himmel statt.<\/p>\n\n\n\n<p>Das Tragen eines Reithelmes ist beim Reiten zwingend notwendig. Reithelme und Sicherheitswesten stehen kostenlos zum Ausleihen zur Verf\u00fcgung.<\/p>\n\n\n\n<p><strong>Kosten<\/strong><\/p>\n\n\n\n<p>Kosten: 25,00 \u20ac pro Termin\/Kind (20 &#8211; 25 Minuten Reiten) vor Ort in bar zu zahlen<\/p>\n\n\n\n<p><strong>Anmeldung<\/strong><\/p>\n\n\n\n<p><strong>Eine Anmeldung per Mail ist unbedingt erforderlich<\/strong>. Bitte geben Sie auch eine Telefonnummer an, falls wir das Kinderreiten von unserer Seite aus kurzfristig absagen m\u00fcssten.<\/p>\n\n\n\n<p>Bitte richten Sie Ihre Anfrage an: <strong>langton@pillnitzer-reiterhof.de<\/strong> oder \u00fcber das <a href=\"https:\/\/neu.pillnitzer-reiterhof.de\/?page_id=8\"><mark style=\"background-color:rgba(0, 0, 0, 0)\" class=\"has-inline-color has-vivid-red-color\"><strong>Kontaktformular <\/strong><\/mark><\/a><\/p>\n\n\n\n<p><strong>Termine Kinderreiten 202<\/strong>6 (vorl\u00e4ufig, \u00c4nderungen vorbehalten)<\/p>\n\n\n\n<p>jeweils 14.00 \/ 14.30 \/ 15.00 Uhr<\/p>\n\n\n\n<p><\/p>\n\n\n\n<ul class=\"wp-block-list\">\n<li>18.01.2026 -leider ausgebucht-<\/li>\n\n\n\n<li>01.02.2026 -leider ausgebucht-<\/li>\n\n\n\n<li>22.02.2026 -leider ausgebucht-<\/li>\n\n\n\n<li>08.03.2026 -noch 1 Platz frei: 15.00 Uhr-<\/li>\n\n\n\n<li>29.03.2026 -leider ausgebucht-<\/li>\n\n\n\n<li>12.04.2026 -leider ausgebucht-<\/li>\n\n\n\n<li>26.04.2026 -2 Pl\u00e4tze frei (1x 14.00 Uhr \/ 1x 14.30 Uhr)-<\/li>\n\n\n\n<li>10.05.2026 -leider ausgebucht-<\/li>\n\n\n\n<li>25.05.2026 -leider ausgebucht- (Pfingstmontag) <\/li>\n\n\n\n<li>07.06.2026 -leider ausgebucht-<\/li>\n\n\n\n<li>05.07.2026 -leider ausgebucht-<\/li>\n\n\n\n<li>19.07.2026 -noch 1 Platz frei: 1x 14.30 Uhr-<\/li>\n\n\n\n<li>23.08.2026 -leider ausgebucht-<\/li>\n\n\n\n<li>06.09.2026 -leider ausgebucht-<\/li>\n\n\n\n<li>27.09.2026 -leider ausgebucht-<\/li>\n\n\n\n<li>18.10.2026 -noch 1 Platz frei: 1x 14.30 Uhr-<\/li>\n<\/ul>\n\n\n\n<p><\/p>\n\n\n\n<p><\/p>\n\n\n\n<h2 class=\"wp-block-heading\" id=\"ferienreiten\">Ferienreiten<\/h2>\n\n\n\n<p><\/p>\n\n\n\n<figure class=\"wp-block-image size-large\"><img loading=\"lazy\" decoding=\"async\" width=\"1024\" height=\"774\" src=\"https:\/\/neu.pillnitzer-reiterhof.de\/wp-content\/uploads\/2024\/04\/Ferienreiten-Ostern-2024-1024x774.jpg\" alt=\"\" class=\"wp-image-1378\" srcset=\"https:\/\/neu.pillnitzer-reiterhof.de\/wp-content\/uploads\/2024\/04\/Ferienreiten-Ostern-2024-1024x774.jpg 1024w, https:\/\/neu.pillnitzer-reiterhof.de\/wp-content\/uploads\/2024\/04\/Ferienreiten-Ostern-2024-300x227.jpg 300w, https:\/\/neu.pillnitzer-reiterhof.de\/wp-content\/uploads\/2024\/04\/Ferienreiten-Ostern-2024-768x581.jpg 768w, https:\/\/neu.pillnitzer-reiterhof.de\/wp-content\/uploads\/2024\/04\/Ferienreiten-Ostern-2024-1536x1161.jpg 1536w, https:\/\/neu.pillnitzer-reiterhof.de\/wp-content\/uploads\/2024\/04\/Ferienreiten-Ostern-2024-2048x1549.jpg 2048w\" sizes=\"auto, (max-width: 1024px) 100vw, 1024px\" \/><\/figure>\n\n\n\n<p>In den Oster-, Sommer- und Herbstferien k\u00f6nnen Kinder ab 8 Jahren f\u00fcr eine Woche das Vereinsleben kennenlernen. Sie bekommen Grundlagen im Umgang mit dem Pferd und erste Reiterlebnisse vermittelt. Zum Abschluss gibt es einen gemeinsamen Ausritt.<br>Das Ferienreiten findet von Montag bis Freitag (Ostern: Dienstag bis Freitag) von 8:00 bis 13:00 Uhr statt.<br>Der Preis f\u00fcr die Teilnahme an einer Woche betr\u00e4gt pro Kind<strong>&nbsp;250 \u20ac<\/strong> (in den Osterferien 200 \u20ac).<\/p>\n\n\n\n<p>Anmeldung per Mail an: <strong>langton@pillnitzer-reiterhof.de<\/strong> oder \u00fcber das <a href=\"https:\/\/neu.pillnitzer-reiterhof.de\/?page_id=8\"><mark style=\"background-color:rgba(0, 0, 0, 0)\" class=\"has-inline-color has-vivid-red-color\"><strong>Kontaktformular <\/strong><\/mark><\/a><\/p>\n\n\n\n<div class=\"wp-block-columns is-layout-flex wp-container-core-columns-is-layout-9d6595d7 wp-block-columns-is-layout-flex\">\n<div class=\"wp-block-column is-layout-flow wp-block-column-is-layout-flow\" style=\"flex-basis:100%\">\n<figure class=\"wp-block-table\"><table class=\"has-fixed-layout\"><tbody><tr><td class=\"has-text-align-center\" data-align=\"center\"><strong>Osterferien 2026<\/strong><\/td><td class=\"has-text-align-center\" data-align=\"center\"><strong>Sommerferien 2026<\/strong><\/td><td class=\"has-text-align-center\" data-align=\"center\"><strong>Herbstferien 2026<\/strong><br><\/td><\/tr><tr><td class=\"has-text-align-center\" data-align=\"center\"><s>07.04.-10.04.2026<\/s><br>ausgebucht<\/td><td class=\"has-text-align-center\" data-align=\"center\">1. <s>06.07.-10.07.2026<\/s><br>ausgebucht<br>2. <s>13.07.-17.07.2026<\/s><br>ausgebucht<br>3.<s>20.07.-24.07.2026<\/s><br>ausgebucht<br><s>4. 27.07.-31.07.2026<\/s><br>ausgebucht<br>5. <s>03.08.-07.08.2026<\/s><br>ausgebucht<br>6. <s>10.08.-14.08.2026<\/s><br>ausgebucht<\/td><td class=\"has-text-align-center\" data-align=\"center\">1. <s>12.10.-16.10.2026<\/s><br>ausgebucht<br>2. <s>19.10.-23.10.2026<\/s><br>ausgebucht<\/td><\/tr><\/tbody><\/table><\/figure>\n\n\n\n<div class=\"wp-block-columns is-layout-flex wp-container-core-columns-is-layout-9d6595d7 wp-block-columns-is-layout-flex\">\n<div class=\"wp-block-column is-layout-flow wp-block-column-is-layout-flow\"><\/div>\n\n\n\n<div class=\"wp-block-column is-layout-flow wp-block-column-is-layout-flow\"><\/div>\n\n\n\n<div class=\"wp-block-column is-layout-flow wp-block-column-is-layout-flow\"><\/div>\n<\/div>\n<\/div>\n<\/div>\n\n\n\n<blockquote class=\"wp-block-quote is-layout-flow wp-block-quote-is-layout-flow\">\n<p><strong>Zur Kleidung<\/strong><br>Zum Reiten werden unbedingt eine lange, bequeme Hose und festes Schuhwerk sowie ein nach DIN-Norm gepr\u00fcfter Reithelm ben\u00f6tigt. Reithelme stehen kostenfrei zum Ausleihen zur Verf\u00fcgung.<br><\/p>\n\n\n\n<p><\/p>\n<\/blockquote>\n\n\n\n<p><\/p>\n\n\n\n<p><\/p>\n\n\n\n<h2 class=\"wp-block-heading\">Kinderreiten zu Veranstaltungen<\/h2>\n\n\n\n<p>Zu Anl\u00e4ssen wie Geburtstagen und Schuleinf\u00fchrungen k\u00f6nnt Ihr bei uns einen Nachmittag auf dem Reiterhof verbringen. Dabei k\u00f6nnt ihr erste Erfahrungen mit dem Pferd sammeln &#8211; von Putzen bis zum Reiten.                                                                         <\/p>\n\n\n\n<figure class=\"wp-block-gallery has-nested-images columns-default is-cropped wp-block-gallery-1 is-layout-flex wp-block-gallery-is-layout-flex\">\n<figure class=\"wp-block-image size-large is-style-default\"><img loading=\"lazy\" decoding=\"async\" width=\"2016\" height=\"1512\" data-id=\"949\" src=\"https:\/\/neu.pillnitzer-reiterhof.de\/wp-content\/uploads\/2022\/07\/5BBDB884-34F0-45F9-A405-859060F90F55.jpeg\" alt=\"\" class=\"wp-image-949\" srcset=\"https:\/\/neu.pillnitzer-reiterhof.de\/wp-content\/uploads\/2022\/07\/5BBDB884-34F0-45F9-A405-859060F90F55.jpeg 2016w, https:\/\/neu.pillnitzer-reiterhof.de\/wp-content\/uploads\/2022\/07\/5BBDB884-34F0-45F9-A405-859060F90F55-300x225.jpeg 300w, https:\/\/neu.pillnitzer-reiterhof.de\/wp-content\/uploads\/2022\/07\/5BBDB884-34F0-45F9-A405-859060F90F55-1024x768.jpeg 1024w, https:\/\/neu.pillnitzer-reiterhof.de\/wp-content\/uploads\/2022\/07\/5BBDB884-34F0-45F9-A405-859060F90F55-768x576.jpeg 768w, https:\/\/neu.pillnitzer-reiterhof.de\/wp-content\/uploads\/2022\/07\/5BBDB884-34F0-45F9-A405-859060F90F55-1536x1152.jpeg 1536w\" sizes=\"auto, (max-width: 2016px) 100vw, 2016px\" \/><\/figure>\n\n\n\n<figure class=\"wp-block-image size-large is-style-default\"><img loading=\"lazy\" decoding=\"async\" width=\"2016\" height=\"1512\" data-id=\"948\" src=\"https:\/\/neu.pillnitzer-reiterhof.de\/wp-content\/uploads\/2022\/07\/47D09DE0-573A-49BE-B42A-64BBB3B7E1D2.jpeg\" alt=\"\" class=\"wp-image-948\" srcset=\"https:\/\/neu.pillnitzer-reiterhof.de\/wp-content\/uploads\/2022\/07\/47D09DE0-573A-49BE-B42A-64BBB3B7E1D2.jpeg 2016w, https:\/\/neu.pillnitzer-reiterhof.de\/wp-content\/uploads\/2022\/07\/47D09DE0-573A-49BE-B42A-64BBB3B7E1D2-300x225.jpeg 300w, https:\/\/neu.pillnitzer-reiterhof.de\/wp-content\/uploads\/2022\/07\/47D09DE0-573A-49BE-B42A-64BBB3B7E1D2-1024x768.jpeg 1024w, https:\/\/neu.pillnitzer-reiterhof.de\/wp-content\/uploads\/2022\/07\/47D09DE0-573A-49BE-B42A-64BBB3B7E1D2-768x576.jpeg 768w, https:\/\/neu.pillnitzer-reiterhof.de\/wp-content\/uploads\/2022\/07\/47D09DE0-573A-49BE-B42A-64BBB3B7E1D2-1536x1152.jpeg 1536w\" sizes=\"auto, (max-width: 2016px) 100vw, 2016px\" \/><\/figure>\n<\/figure>\n\n\n\n<p><\/p>\n\n\n\n<p>Das ist unser Angebot:<\/p>\n\n\n\n<ul class=\"wp-block-list\">\n<li>nach Absprache buchbar Samstag oder Sonntag<\/li>\n\n\n\n<li>Partyzeit von 14.00-17.00 Uhr auf dem Reiterhof &#8222;Alte Sch\u00e4ferei&#8220; <\/li>\n\n\n\n<li>4-8&nbsp;Kinder ab 5 Jahre<\/li>\n\n\n\n<li>1-2 Pferde\/Ponys zum gef\u00fchrten Reiten ca. 1,5h<\/li>\n\n\n\n<li>Nutzung der K\u00fcche mit Geschirr etc. inklusive<\/li>\n\n\n\n<li>Nutzung der Terrasse\/Reiterstube<\/li>\n\n\n\n<li>Kosten gesamt 250,00 Euro, vor Ort am Tag zu zahlen<\/li>\n<\/ul>\n\n\n\n<p>F\u00fcr Anfragen und Buchungsw\u00fcnsche wendet euch einfach an Frau Langton per Mail (<a href=\"mailto:langton@pillnitzer-reiterhof.de\">langton@pillnitzer-reiterhof.de<\/a>).                                                                                                    <\/p>\n\n\n\n<p>F\u00fcr die Sicherheit ist bei Reiten das Tragen eines Reithelmes Pflicht. Wir haben Helme in verschiedenen Gr\u00f6\u00dfen da, gerne k\u00f6nnt ihr auch eure eigenen Helme mitbringen. F\u00fcr die Reiter ist au\u00dferdem zweckm\u00e4\u00dfige Kleidung und festes Schuhwerk notwendig. <\/p>\n\n\n\n<p><strong>Bitte beachten: <\/strong>Mindestens 1-2 Aufsichtspersonen (\u00fcber 18 Jahre alt) m\u00fcssen w\u00e4hrend eurer Zeit auf dem Reiterhof st\u00e4ndig anwesend sein. <\/p>\n\n\n\n<p><\/p>\n\n\n\n<h2 class=\"wp-block-heading\" id=\"einzelreitstunden-fur-erwachsene-kundenreiten\">Einzelreitstunden f\u00fcr Erwachsene<\/h2>\n\n\n\n<p>Momentan bieten wir keine Einzelreitstunden f\u00fcr Erwachsene an.<\/p>\n\n\n\n<p><\/p>\n","protected":false},"excerpt":{"rendered":"<p>Angebote des Pillnitzer Reitvereins Wir bieten neben der &nbsp;Privatpferdehaltung&nbsp;auch folgende Angebote an: Mitgliedschaft Als Mitglied in unserem Reitverein kannst du als Erwachsener und als Kind ab 12 Jahren regelm\u00e4\u00dfig reiten. Unter Mitgliedschaft erf\u00e4hrst du dazu mehr. Kinderreiten am Wochenende An<\/p>\n","protected":false},"author":1,"featured_media":0,"parent":0,"menu_order":0,"comment_status":"closed","ping_status":"closed","template":"","meta":{"ngg_post_thumbnail":0,"footnotes":""},"class_list":["post-54","page","type-page","status-publish","hentry"],"_links":{"self":[{"href":"https:\/\/neu.pillnitzer-reiterhof.de\/index.php?rest_route=\/wp\/v2\/pages\/54","targetHints":{"allow":["GET"]}}],"collection":[{"href":"https:\/\/neu.pillnitzer-reiterhof.de\/index.php?rest_route=\/wp\/v2\/pages"}],"about":[{"href":"https:\/\/neu.pillnitzer-reiterhof.de\/index.php?rest_route=\/wp\/v2\/types\/page"}],"author":[{"embeddable":true,"href":"https:\/\/neu.pillnitzer-reiterhof.de\/index.php?rest_route=\/wp\/v2\/users\/1"}],"replies":[{"embeddable":true,"href":"https:\/\/neu.pillnitzer-reiterhof.de\/index.php?rest_route=%2Fwp%2Fv2%2Fcomments&post=54"}],"version-history":[{"count":218,"href":"https:\/\/neu.pillnitzer-reiterhof.de\/index.php?rest_route=\/wp\/v2\/pages\/54\/revisions"}],"predecessor-version":[{"id":2458,"href":"https:\/\/neu.pillnitzer-reiterhof.de\/index.php?rest_route=\/wp\/v2\/pages\/54\/revisions\/2458"}],"wp:attachment":[{"href":"https:\/\/neu.pillnitzer-reiterhof.de\/index.php?rest_route=%2Fwp%2Fv2%2Fmedia&parent=54"}],"curies":[{"name":"wp","href":"https:\/\/api.w.org\/{rel}","templated":true}]}}