{"id":67,"date":"2021-04-13T14:11:59","date_gmt":"2021-04-13T14:11:59","guid":{"rendered":"https:\/\/neu.pillnitzer-reiterhof.de\/?page_id=67"},"modified":"2026-03-23T14:11:28","modified_gmt":"2026-03-23T14:11:28","slug":"mitgliedschaft","status":"publish","type":"page","link":"https:\/\/neu.pillnitzer-reiterhof.de\/?page_id=67","title":{"rendered":"Mitgliedschaft"},"content":{"rendered":"\n<h1 class=\"wp-block-heading\" id=\"mitgliedschaft-beim-pillnitzer-reiterhof-alte-schaferei-e-v\">Mitgliedschaft beim Pillnitzer Reiterhof \u201eAlte Sch\u00e4ferei\u201c e.V.<\/h1>\n\n\n\n<p><\/p>\n\n\n\n<figure class=\"wp-block-image size-large\"><img loading=\"lazy\" decoding=\"async\" width=\"2560\" height=\"1920\" src=\"https:\/\/neu.pillnitzer-reiterhof.de\/wp-content\/uploads\/2021\/04\/IMG_5839-edited-1-scaled.jpg\" alt=\"\" class=\"wp-image-220\" srcset=\"https:\/\/neu.pillnitzer-reiterhof.de\/wp-content\/uploads\/2021\/04\/IMG_5839-edited-1-scaled.jpg 2560w, https:\/\/neu.pillnitzer-reiterhof.de\/wp-content\/uploads\/2021\/04\/IMG_5839-edited-1-300x225.jpg 300w, https:\/\/neu.pillnitzer-reiterhof.de\/wp-content\/uploads\/2021\/04\/IMG_5839-edited-1-1024x768.jpg 1024w, https:\/\/neu.pillnitzer-reiterhof.de\/wp-content\/uploads\/2021\/04\/IMG_5839-edited-1-768x576.jpg 768w, https:\/\/neu.pillnitzer-reiterhof.de\/wp-content\/uploads\/2021\/04\/IMG_5839-edited-1-1536x1152.jpg 1536w, https:\/\/neu.pillnitzer-reiterhof.de\/wp-content\/uploads\/2021\/04\/IMG_5839-edited-1-2048x1536.jpg 2048w\" sizes=\"auto, (max-width: 2560px) 100vw, 2560px\" \/><\/figure>\n\n\n\n<p><mark style=\"background-color:rgba(0, 0, 0, 0)\" class=\"has-inline-color has-vivid-red-color\">Leider haben wir derzeit keine Pl\u00e4tze mehr f\u00fcr neue Mitglieder frei!<\/mark> <\/p>\n\n\n\n<p>Neuanfragen nehmen wir gerne entgegen und arbeiten mit einer Warteliste. <\/p>\n\n\n\n<p class=\"has-medium-font-size\"><em><strong>Unsere Leistungen f\u00fcr Euch als Mitglieder:<\/strong><\/em><\/p>\n\n\n\n<ul class=\"wp-block-list\">\n<li>F\u00fcr Erwachsene und Kinder ab 12 Jahren <\/li>\n\n\n\n<li>Reiterfahrung in Schritt, Trab und Galopp sollten vorhanden sein<\/li>\n\n\n\n<li>Ein fester Reittag pro Woche (Montag bis Freitag ca. 16 \u2013 20 Uhr) oder Samstags ( ca. 8-13Uhr)<\/li>\n\n\n\n<li>pro Reittag eine Reitstunde: je nach Ausbildungsstand, wechselnder Unterricht in Springen, Dressur oder Gel\u00e4nde (wobei die Reitzeit variieren kann, Gel\u00e4nderitte dauern l\u00e4nger)<\/li>\n\n\n\n<li>zus\u00e4tzlich alle 5 Wochen Sonntagvormittag als Reittag (Ausbildung wie am festen Reittag)\n<ul class=\"wp-block-list\">\n<li>Der n\u00e4chste Reittag in der darauf folgenden Woche wird als Stehtag bezeichnet. An diesem Tag werden die Pferde nicht geritten. Er dient der Erholung unserer Pferde. Der Stehtag wird au\u00dferdem dazu genutzt, besondere Arbeiten im und um den Stall durchzuf\u00fchren, die der Verbesserung\/Erhaltung von Sauberkeit und Ordnung dienen.<\/li>\n<\/ul>\n<\/li>\n\n\n\n<li>bei entsprechendem Ausbildungsstand und Engagement: Reitbeteiligungen, Turnierteilnahme etc.<\/li>\n\n\n\n<li>eigener Spind<\/li>\n\n\n\n<li>buntes Vereinsleben mit vielen Aktivit\u00e4ten<\/li>\n<\/ul>\n\n\n\n<p class=\"has-medium-font-size\"><strong><em>Eure Leistungen f\u00fcr uns:<\/em><\/strong><\/p>\n\n\n\n<ul class=\"wp-block-list\">\n<li><strong>Mithilfe bei der Stallarbeit<\/strong> (am Reittag ist die Abendf\u00fctterung durch die Gruppenmitglieder abzusichern)<\/li>\n\n\n\n<li>ca. <strong>einmal monatlich Futterdienst<\/strong> am Wochenende (Samstag oder Sonntag morgens oder abends, Futterplan h\u00e4ngt im Stall aus)<\/li>\n\n\n\n<li>Pro Jahr <strong>20 Arbeitsstunden<\/strong> (Arbeitseins\u00e4tze, Heueinsatz, Kinderreiten, Aufr\u00e4umarbeiten, Mithilfe beim Vereinsturnier usw.)<\/li>\n\n\n\n<li><strong>F\u00fcr Sch\u00fcler: pro Jahr eine \u201ePflichtwoche\u201c in den Schulferien zur Unterst\u00fctzung des Ferienreitens<\/strong><\/li>\n<\/ul>\n\n\n\n<p class=\"has-medium-font-size\"><em><strong>Konditionen:<\/strong><\/em><\/p>\n\n\n\n<ul class=\"wp-block-list\">\n<li>Monatlicher Beitrag (inkl. Reitunterricht): 75,- \u20ac<\/li>\n\n\n\n<li>Einmalige Aufnahmegeb\u00fchr: 77,- \u20ac<\/li>\n<\/ul>\n\n\n\n<p class=\"has-medium-font-size\"><em><strong>F\u00fcr werdende Vereinsmitglieder:<\/strong><\/em><\/p>\n\n\n\n<ul class=\"wp-block-list\">\n<li><a href=\"https:\/\/neu.pillnitzer-reiterhof.de\/wp-content\/uploads\/2026\/01\/Aufnahmeantrag-2026.pdf\" target=\"_blank\" rel=\"noreferrer noopener\">Aufnahmeantrag<\/a><\/li>\n\n\n\n<li><a href=\"https:\/\/neu.pillnitzer-reiterhof.de\/wp-content\/uploads\/2023\/12\/SEPA-Mandat.pdf\" target=\"_blank\" rel=\"noreferrer noopener\">Einzugserm\u00e4chtigung<\/a>&nbsp;f\u00fcr die Teilnahme am Lastschriftverfahren<\/li>\n\n\n\n<li><a href=\"https:\/\/neu.pillnitzer-reiterhof.de\/wp-content\/uploads\/2023\/10\/Finanzordnung-2023.pdf\" target=\"_blank\" rel=\"noreferrer noopener\">Finanzordnung<\/a><\/li>\n\n\n\n<li><a href=\"https:\/\/neu.pillnitzer-reiterhof.de\/wp-content\/uploads\/2022\/05\/Satzung.pdf\" target=\"_blank\" rel=\"noreferrer noopener\">Satzung<\/a><\/li>\n<\/ul>\n\n\n\n<p>Die Dateien sind im PDF-Format gespeichert und k\u00f6nnen z.B. mit dem kostenlosen Programm &#8222;Adobe Reader&#8220; der Firma&nbsp;<a target=\"_blank\" href=\"http:\/\/www.adobe.de\/\" rel=\"noreferrer noopener\">Adobe<\/a>&nbsp;angezeigt werden.<\/p>\n\n\n\n<p><\/p>\n","protected":false},"excerpt":{"rendered":"<p>Mitgliedschaft beim Pillnitzer Reiterhof \u201eAlte Sch\u00e4ferei\u201c e.V. Leider haben wir derzeit keine Pl\u00e4tze mehr f\u00fcr neue Mitglieder frei! Neuanfragen nehmen wir gerne entgegen und arbeiten mit einer Warteliste. Unsere Leistungen f\u00fcr Euch als Mitglieder: Eure Leistungen f\u00fcr uns: Konditionen: F\u00fcr<\/p>\n","protected":false},"author":1,"featured_media":0,"parent":7,"menu_order":0,"comment_status":"closed","ping_status":"closed","template":"","meta":{"ngg_post_thumbnail":0,"footnotes":""},"class_list":["post-67","page","type-page","status-publish","hentry"],"_links":{"self":[{"href":"https:\/\/neu.pillnitzer-reiterhof.de\/index.php?rest_route=\/wp\/v2\/pages\/67","targetHints":{"allow":["GET"]}}],"collection":[{"href":"https:\/\/neu.pillnitzer-reiterhof.de\/index.php?rest_route=\/wp\/v2\/pages"}],"about":[{"href":"https:\/\/neu.pillnitzer-reiterhof.de\/index.php?rest_route=\/wp\/v2\/types\/page"}],"author":[{"embeddable":true,"href":"https:\/\/neu.pillnitzer-reiterhof.de\/index.php?rest_route=\/wp\/v2\/users\/1"}],"replies":[{"embeddable":true,"href":"https:\/\/neu.pillnitzer-reiterhof.de\/index.php?rest_route=%2Fwp%2Fv2%2Fcomments&post=67"}],"version-history":[{"count":25,"href":"https:\/\/neu.pillnitzer-reiterhof.de\/index.php?rest_route=\/wp\/v2\/pages\/67\/revisions"}],"predecessor-version":[{"id":2047,"href":"https:\/\/neu.pillnitzer-reiterhof.de\/index.php?rest_route=\/wp\/v2\/pages\/67\/revisions\/2047"}],"up":[{"embeddable":true,"href":"https:\/\/neu.pillnitzer-reiterhof.de\/index.php?rest_route=\/wp\/v2\/pages\/7"}],"wp:attachment":[{"href":"https:\/\/neu.pillnitzer-reiterhof.de\/index.php?rest_route=%2Fwp%2Fv2%2Fmedia&parent=67"}],"curies":[{"name":"wp","href":"https:\/\/api.w.org\/{rel}","templated":true}]}}